{"id":4879,"date":"2009-10-13T17:56:41","date_gmt":"2009-10-13T16:56:41","guid":{"rendered":"http:\/\/www.hohenlohe-ungefiltert.de\/?page_id=4879"},"modified":"2009-10-13T17:56:41","modified_gmt":"2009-10-13T16:56:41","slug":"netiquette","status":"publish","type":"page","link":"https:\/\/www.hohenlohe-ungefiltert.de\/?page_id=4879","title":{"rendered":"Netiquette"},"content":{"rendered":"<p>1. Wir legen Wert auf einen freundlichen und verst\u00e4ndlichen Umgangston.<\/p>\n<p>2. Unterschiedliche Meinungen sind willkommen. Sie verpflichten sich, die Meinungen anderer zu akzeptieren. Bleiben Sie auch in harten Auseinandersetzungen sachlich, greifen Sie andere nicht an, beleidigen Sie nicht. Behandeln Sie andere so, wie Sie selbst behandelt werden m\u00f6chten.<\/p>\n<p>3. Werbung oder Logos sind im Kommentar nicht erlaubt! Verboten sind rassistische, pornographische, menschenverachtende, beleidigende und gegen die guten Sitten versto\u00dfende Bemerkungen.<\/p>\n<p>4. Namen, Postadressen und Telefonnummern der Nutzer haben in den Kommentaren nichts verloren. Ver\u00f6ffentlichen Sie nicht den selben Beitrag in unterschiedlichen Kommentarstr\u00e4ngen. Ebenso nicht geduldet sind verbale Angriffe auf andere Nutzer, die Nennung oder die Dokumentation privater Details aus dem Leben anderer Nutzer.<\/p>\n<p>5. Direkte Links sind in der Kommentar-Funktion vorerst m\u00f6glich. Wenn Sie auf eine Webseite hinweisen m\u00f6chten, achten Sie bitte darauf, dass auch Inhalte dort strafrechtlich nicht relevant sein d\u00fcrfen. Falls gegen diese Regel doch versto\u00dfen wird, distanziert sich hohenlohe-ungefiltert.de  ausdr\u00fccklich von allen Inhalten auf den gelinkten Seiten und macht sich deren Inhalt nicht zu eigen.<\/p>\n<p>6. Sollten dem Administrator oder einem der Redakteure st\u00f6rende oder Beitr\u00e4ge vorbeschriebener Natur auffallen, die gegen bestehendes Recht versto\u00dfen, werden diese ohne R\u00fcckmeldung an den Verfasser ohne explizite Nennung von Gr\u00fcnden aus dem System entfernt bzw. korrigiert.<\/p>\n<p>7. Die Redaktion kann die Netiquette jederzeit \u00e4ndern.<\/p>\n<div class=\"pdf24Plugin-cp\"> \t<form name=\"pdf24Form0\" method=\"post\" action=\"https:\/\/doc2pdf.pdf24.org\/wordpress.php\" target=\"pdf24PopWin\" onsubmit=\"var pdf24Win = window.open('about:blank', 'pdf24PopWin', 'resizable=yes,scrollbars=yes,width=600,height=250,left='+(screen.width\/2-300)+',top='+(screen.height\/3-125)+''); pdf24Win.focus(); if(typeof pdf24OnCreatePDF === 'function'){void(pdf24OnCreatePDF(this,pdf24Win));}\"> \t\t<input type=\"hidden\" name=\"blogCharset\" value=\"Cw1x07UAAA==\" \/><input type=\"hidden\" name=\"blogPosts\" value=\"MwQA\" \/><input type=\"hidden\" name=\"blogUrl\" value=\"yygpKSi20tcvLy\/Xy8jPSM3LARK6pXnpqWmZOSWpRSV6KakA\" \/><input type=\"hidden\" name=\"blogName\" value=\"88jPSM3LARK6pXnpqWmZOSWpRSUA\" \/><input type=\"hidden\" name=\"blogValueEncoding\" value=\"gzdeflate base64\" \/><input type=\"hidden\" name=\"postId_0\" value=\"M7EwtwQA\" \/><input type=\"hidden\" name=\"postTitle_0\" value=\"80stySwsTS0pSQUA\" \/><input type=\"hidden\" name=\"postLink_0\" value=\"yygpKSi20tcvLy\/Xy8jPSM3LARK6pXnpqWmZOSWpRSV6Kan69gWJ6anxmSm2JhbmlgA=\" \/><input type=\"hidden\" name=\"postAuthor_0\" value=\"S0zJzcwDAA==\" \/><input type=\"hidden\" name=\"postDateTime_0\" value=\"MzIwsNQ1NNA1NFYwNLcyNLAyMQQA\" \/><input type=\"hidden\" name=\"postContent_0\" value=\"XVVNk9w0EL3zK5r7xBQQ4LK1Vbu1hEpl2aI2hJzlcdtuLEuOPmZh\/gyX\/IY95TZ\/jNeSxztwGduS+nW\/1681V8v1tw19lECWB3b0kUMik3ticfjsA2fXWdmP+MAbHTjEdPq8rX2YB+OGmLxrrr5Zrr+6Wq6\/a+iDSzi3H4XrOfoVcNlpgihAeRJrJz\/P7Bp6L6yoS68nUzmxH3fUyWWUcR0HDnTMZKYjL0nwieBby9JiX0FM3o8kjkYTFOYmR4SXwMjpuGY3+9EW\/CGw9OfIgk5OC8DHjloGbifDul82kIxHPWn\/ExT9DnS4LEW2bUyIrucSPXHogDGfngu1TaLvGxW6RU3kgUL3fvCxSiMzvSvKJBPWijhYk9v0Nf2BGJ\/OIgYTo8Qk0Jl3tPjg\/BDMMq4LgNAXB21Nyd7xJbGOSz+H0nUVe8ip0E36KG32p3\/KuVueOUxFwI3B64YeDFLs6Dcfk+kCx7ha5Hfk6L1zGSwCsMHvIacjHqPRXomuuReWeC88o2a1vvQVTE\/PPfqTVp9tbSixKjQetywpmEER8\/8cd4EfU4BhtXj6GVHRr0ADd9l2nKqayN0ay3TjhiDIXIZg7XEtv3rygZ3b+qYLd37KJVES72gJcjAohe44GbERMBElz3TP7YWPK+Km5g8N3UngKTHdi5vOVqjibURevcluKlkOUAm81FiD0lU7ufMU1NnFSosBAOIo7oklXvhwR9URJaDVjlNnAiJBEaaqk\/TWjcbqjseNAA0N7gJEabpVwIBGH4zDLmuppy+hV5HfGAvem7Ei0yPeLYAQ+WIsTE3oVFPYxx1F7x2dfBo9umfx80od1wtqCKmBDVXKLpy+7KdSwwE6IBOA1kpd4a72QDaoWAiqAtWWs3KuKbQH57CVCy4WlkuD\/4ibydsCq+276WZxojIkH2rzVeW5dOiRO4N0Wa+DdHoOZWrKmeLQ0+eBtWUtw6BB1AhqAZNy0JL7wqK6q6qGg4lHRYnA1vJeZNudL5UqrR\/R6kcVZWbbqTFNHS9MUI9eIlE5wn8tVo5qh7OBVb9fIKfrinLVpe\/\/RuaZYLces4ur7PjU0ORDkEE7tKnzkxqWV+LqyMk4t85Hkk+Z1VN\/MiQ4QgHSPwzg1fB\/AQ==\" \/> \t\t<a href=\"https:\/\/www.pdf24.org\" target=\"_blank\" title=\"www.pdf24.org\" rel=\"nofollow\"><img src=\"https:\/\/www.hohenlohe-ungefiltert.de\/wp-content\/plugins\/pdf24-post-to-pdf\/img\/pdf_32x32.png\" alt=\"\" border=\"0\" height=\"32\" \/><\/a> \t\t<span class=\"pdf24Plugin-cp-space\">&nbsp;&nbsp;<\/span> \t\t<span class=\"pdf24Plugin-cp-text\">Sende Artikel als PDF<\/span> \t\t<span class=\"pdf24Plugin-cp-space\">&nbsp;&nbsp;<\/span> \t\t<input class=\"pdf24Plugin-cp-input\" style=\"margin: 0px;\" type=\"text\" name=\"sendEmailTo\" placeholder=\"Emailadresse\" \/> \t\t<input class=\"pdf24Plugin-cp-submit\" style=\"margin: 0px;\" type=\"submit\" value=\"Senden\" \/> \t<\/form> <\/div>","protected":false},"excerpt":{"rendered":"<p>1. Wir legen Wert auf einen freundlichen und verst\u00e4ndlichen Umgangston. 2. Unterschiedliche Meinungen sind willkommen. Sie verpflichten sich, die Meinungen anderer zu akzeptieren. Bleiben Sie auch in harten Auseinandersetzungen sachlich, greifen Sie andere nicht an, beleidigen Sie nicht. Behandeln Sie andere so, wie Sie selbst behandelt werden m\u00f6chten. 3. Werbung oder Logos sind im Kommentar [&hellip;]<\/p>\n","protected":false},"author":1,"featured_media":0,"parent":0,"menu_order":0,"comment_status":"open","ping_status":"open","template":"","meta":[],"_links":{"self":[{"href":"https:\/\/www.hohenlohe-ungefiltert.de\/index.php?rest_route=\/wp\/v2\/pages\/4879"}],"collection":[{"href":"https:\/\/www.hohenlohe-ungefiltert.de\/index.php?rest_route=\/wp\/v2\/pages"}],"about":[{"href":"https:\/\/www.hohenlohe-ungefiltert.de\/index.php?rest_route=\/wp\/v2\/types\/page"}],"author":[{"embeddable":true,"href":"https:\/\/www.hohenlohe-ungefiltert.de\/index.php?rest_route=\/wp\/v2\/users\/1"}],"replies":[{"embeddable":true,"href":"https:\/\/www.hohenlohe-ungefiltert.de\/index.php?rest_route=%2Fwp%2Fv2%2Fcomments&post=4879"}],"version-history":[{"count":3,"href":"https:\/\/www.hohenlohe-ungefiltert.de\/index.php?rest_route=\/wp\/v2\/pages\/4879\/revisions"}],"predecessor-version":[{"id":5063,"href":"https:\/\/www.hohenlohe-ungefiltert.de\/index.php?rest_route=\/wp\/v2\/pages\/4879\/revisions\/5063"}],"wp:attachment":[{"href":"https:\/\/www.hohenlohe-ungefiltert.de\/index.php?rest_route=%2Fwp%2Fv2%2Fmedia&parent=4879"}],"curies":[{"name":"wp","href":"https:\/\/api.w.org\/{rel}","templated":true}]}}