{"id":197,"date":"2008-10-17T22:14:56","date_gmt":"2008-10-17T20:14:56","guid":{"rendered":"http:\/\/www.hohenlohe-ungefiltert.de\/?page_id=197"},"modified":"2020-11-23T09:33:15","modified_gmt":"2020-11-23T08:33:15","slug":"uber-uns","status":"publish","type":"page","link":"https:\/\/www.hohenlohe-ungefiltert.de\/?page_id=197","title":{"rendered":"\u00dcber uns"},"content":{"rendered":"<p><strong>www.hohenlohe-ungefiltert.de<\/strong><\/p>\n<p>Die Internetzeitung f\u00fcr die Region Crailsheim, Schw\u00e4bisch Hall, Gaildorf, K\u00fcnzelsau und \u00d6hringen<\/p>\n<p>\u2013 kritisch<br \/>\n\u2013 politisch<br \/>\n\u2013 nicht k\u00e4uflich<br \/>\n\u2013 harte Fakten, statt weichgesp\u00fclte Worte<\/p>\n<p><strong>Wer sind wir?<\/strong><br \/>\nWir sind Menschen, die die unkritische Hofberichterstattung lokaler Medien in Hohenlohe und Schw\u00e4bisch Hall nicht mehr l\u00e4nger hinnehmen will.<\/p>\n<p><strong>Was wollen wir?<\/strong><br \/>\nWir wollen den Lesern, Zuschauern und H\u00f6rern ein Internetportal bieten, das sich kritisch und ergebnisoffen mit relevanten Themen der Region aus Politik, Kultur, Gesellschaft, Wirtschaft und Sport befasst. Wir nehmen auch die lokalen Medien und ihre Macher kritisch unter die Lupe.<\/p>\n<p><strong>Wer kann mitmachen?<\/strong><br \/>\nJede\/r kann mitmachen.<\/p>\n<p>Einfach sich bei der Redaktion unter Telefon 07954-7176 oder E-Mail <strong>rag.pad(at)t-online.de<\/strong>\u00a0melden.<\/p>\n<p><strong>Journalistische Grunds\u00e4tze von Hohenlohe-ungefiltert<\/strong>:<\/p>\n<p>Nicht alle, die bei Hohenlohe-ungefiltert mitarbeiten, sind gelernte Journalisten. Trotzdem versuchen wir uns einen m\u00f6glichst hohen Anspruch aufzuerlegen. Auch wenn es in der Praxis nicht immer in allen Details klappen wird, wollen wir uns an folgende journalistische Grunds\u00e4tze, die in gro\u00dfen Teilen dem Verhaltenskodex des journalistischen Netzwerk Recherche entsprechen:<\/p>\n<p>1. Journalisten berichten unabh\u00e4ngig, sorgf\u00e4ltig, umfassend und wahrhaftig.<br \/>\nSie achten die Menschenw\u00fcrde und Pers\u00f6nlichkeitsrechte.<br \/>\n2. Journalisten recherchieren, gewichten und ver\u00f6ffentlichen nach dem<br \/>\nGrundsatz \u201eSicherheit vor Schnelligkeit\u201c.<br \/>\n3. Journalisten garantieren uneingeschr\u00e4nkten Informantenschutz als<br \/>\nVoraussetzung f\u00fcr eine seri\u00f6se Berichterstattung.<br \/>\n4. Journalisten garantieren handwerklich saubere und ausf\u00fchrliche Recherche<br \/>\naller zur Verf\u00fcgung stehenden Quellen.<br \/>\n5. Journalisten verzichten auf jegliche Vorteilsnahme und Verg\u00fcnstigung.<br \/>\n6. Journalisten unterscheiden erkennbar zwischen Fakten und Meinungen.<br \/>\n7. Journalisten verpflichten sich zur sorgf\u00e4ltigen Kontrolle ihrer Arbeit und,<br \/>\nwenn n\u00f6tig, umgehend zur Korrektur.<br \/>\n8. Journalisten erm\u00f6glichen und nutzen Fortbildung zur Qualit\u00e4tsverbesserung<br \/>\nihrer Arbeit.<br \/>\n9. Journalisten erwarten bei der Umsetzung dieses Leitbildes die Unterst\u00fctzung<br \/>\nder in den Medienunternehmen Verantwortlichen. Wichtige Funktionen haben<br \/>\ndabei Redaktions- und Beschwerdeaussch\u00fcsse sowie Ombudsstellen und eine<br \/>\nkritische Medienberichterstattung.<br \/>\n10. Wir berichten vor allem \u00fcber konkrete Ereignisse, Themen und Personen aus der Region Hohenlohe. Insbesondere ist es uns ein Anliegen, \u00fcber Themen zu berichten, die in den herk\u00f6mmlichen Medien gar nicht vorkommen oder unkritisch und besch\u00f6nigend dargestellt werden.<br \/>\n11. Ein kritischer Blickwinkel ist uns besonders wichtig. Wir wollen nichts verschweigen, sondern dazu beitragen, dass Dinge umfassend beleuchtet werden.<br \/>\n12. Wir machen keine Hofberichtserstattung.<br \/>\n13. Wir sind inhaltlich keiner politischen Richtung verpflichtet.<br \/>\n14. Wir sind keinem Sponsor, Spender oder Anzeigenkunden gegen\u00fcber verpflichtet.<br \/>\n15. Unsere Aufgabe ist ein fairer und kritischer Umgang mit den handelnden Menschen im politischen, kulturellen, wirtschaftlichen und sportlichen Bereich.<\/p>\n<div class=\"pdf24Plugin-cp\"> \t<form name=\"pdf24Form0\" method=\"post\" action=\"https:\/\/doc2pdf.pdf24.org\/wordpress.php\" target=\"pdf24PopWin\" onsubmit=\"var pdf24Win = window.open('about:blank', 'pdf24PopWin', 'resizable=yes,scrollbars=yes,width=600,height=250,left='+(screen.width\/2-300)+',top='+(screen.height\/3-125)+''); pdf24Win.focus(); if(typeof pdf24OnCreatePDF === 'function'){void(pdf24OnCreatePDF(this,pdf24Win));}\"> \t\t<input type=\"hidden\" name=\"blogCharset\" value=\"Cw1x07UAAA==\" \/><input type=\"hidden\" name=\"blogPosts\" value=\"MwQA\" \/><input type=\"hidden\" name=\"blogUrl\" value=\"yygpKSi20tcvLy\/Xy8jPSM3LARK6pXnpqWmZOSWpRSV6KakA\" \/><input type=\"hidden\" name=\"blogName\" value=\"88jPSM3LARK6pXnpqWmZOSWpRSUA\" \/><input type=\"hidden\" name=\"blogValueEncoding\" value=\"gzdeflate base64\" \/><input type=\"hidden\" name=\"postId_0\" value=\"M7Q0BwA=\" \/><input type=\"hidden\" name=\"postTitle_0\" value=\"OzwnKbVIoTSvGAA=\" \/><input type=\"hidden\" name=\"postLink_0\" value=\"yygpKSi20tcvLy\/Xy8jPSM3LARK6pXnpqWmZOSWpRSV6Kan69gWJ6anxmSm2hpbmAA==\" \/><input type=\"hidden\" name=\"postAuthor_0\" value=\"S0zJzcwDAA==\" \/><input type=\"hidden\" name=\"postDateTime_0\" value=\"MzIwsNA1NNA1NFcwMrIyNLAyNQMA\" \/><input type=\"hidden\" name=\"postContent_0\" value=\"fVfLbtw2FN3nK7hsgfE4zstNYbhwmleTOM3LCdAdZV1JjChqQFJWMKv8Q4GuirYLf4NXXlV\/ki\/puSSlUcZOFzZmJPLec8899zEHq8MD521rysO+75dVW5HR+LfTmZIKpT1Zv8zpYDcdOthdHd44WB0+VCR+MXhryK9JeRwXxXBpRY4Xb6hUrRE\/W6m0q0g1C\/H2tOqH80y500o8lVovxBO8zFtbLMTz4dKsSTvZic7kYvijsgrezejry+ffRW2V58sHmRW7hzf40arVV54ZdVp5UQ\/nXaHVV28qaT2Jx7L2ZBbCeem96AlnSnKr4RKBig8tjoxOR1Y+kBVOAVav7E8bGqLhDyq9PCYDIGyZ4+e\/zoyQSTxti4wsQyMbPDNbuq2lhvFjwnEjlMGxRH6gYZuxFFtDlRV6OAdBVlTKGKoaXO+V1ssr2KUTfat1eH89+vQ6x98LckjnQvzWwaXs8DngeDpcWP5MQDhmfAWmpBaZosBmDj8O6KYshYtkS8qMcm1RwHqjvLCk6UzChhHvKmqCXzuqRXZOvAoprSGJTvvOQiTApDXjKfxCALCPnyNDDENkVEjn\/JLfisSG7ICBsxBJNiPJfEtVlsSxRF7sHC8CCzdedCtaXieCWpoQRcNXzRUyn1FOu9unJkOPlCnwJLKUkUqB55Ajxx7dvwM9Bb7d3L9\/987O\/t7+PdHyuUc7x6gVMYKxslyuZP6d9N\/7ndZoZWheof\/+05DOZ77He8\/azhqplUuqfGJBhxvOUb\/irJ3Jb177k9kfR3MvgwwhSIpi52iuvco0SIvXseK4TEpEaBGr2GABUPHOtn6dUyPOUB8dE8d6BSuOVcfiGS5KrmfnRehQ4si4leUky65YQ6qaSjZ0xI96QgrIcUUxe6+s\/KRcqh7VNHiENzLI\/iF5blGi1nK1il7zxaxkAgRpRNFq2M9JfPw2h5ENmC5tO\/zNEicVS6sR78lWEqQYVyOjn\/DMbZsy4iU6aU+2hi5YnGyejEec\/NVM\/O8tv2JPjJ2FVSSzijuDKsF3a8tiONeev3QN1wgiCBXQy8pyEalymcT7FshlNMJBjN2sR0PPYzd6hcwMF4aTUCOjjkF5Gu\/f2sJkUwSKLOe+pH6CmHOShwvuCZ6t4aHhygBNyVjkVPq1+PL5r7d8xGKGeGjUclM0aAiqZBBfPv85Ari9BaCUFn0muIdP4nGCiCzI4f6PPla0tgmdCI87uJLaJVPvW4tW5JCMaaaxCAWaoxouHIkH2618BHHnf0BU0uScXA5ZYNIha5FY+IKPygYuNqlPJlmmVqw7yxLCuZIxwXjFajTidUcs1RHA3S0AYHqdiEediI9URi\/vedBB90aiWwYUsF5iCkOL5Syge1v2QptiZSh2jmhQaZkEvj5JOI7XYPEYpHEzmMDtXwW3CkOav4S+yGHOZIvHz1uD7oMQQ9e24ii0E7a\/SFZDsZvhIsm8DMwES89ba6nGFBkB\/LAFgOzYVhJkAyFwEGAnw27CVLOh1x1ueNS4A+SMIA0ItExG57hGR\/evOOp5+TBT4z9pRnmh2hx6wQvcZpf4yPV3Enj2w2U4lKzmsXHl0zTr4jAOAw\/5g9R6II\/x8DQEsyBRPMYmwkMmiDDDVpXMSUYzjSC3Eyh4wGUCnebENXBaDZcIF0npgerXJutyTNoguTjhURfJ3GbZieCybxXJ3s04qTdti+uadd6I4TLjQdtidcJiIR5ZUiUWCIfemvaFsRWFcHhjmC0Q0xBaor4dEtWiRlBlSAKPgzRNMDq04mmxSO6S5XW3gTS1ciYb9VgPF02ThJI2CdR2GimAX7cNmwjDerP3BbAZE4rGyXLOsShhJwoM8vJp80117KGtY0mYNhJYegCPda9MTTrEwAGMUWGvi\/mNZKaJFQC5MEU5iypEGS8gFhlCVB77Q1ranHjInXE2HjIM6I45uILvVvQU9xpRh5a42WvdNYm+HW+Ewa8Mz7\/Q\/MJVu9neYe0Nm+BymPWEqZr27szshMsNb34GnQI\/K1bcCG2k\/gi\/IjjmugvNseQsxxxfaxfd8sQ4VshRV5Qoh6gUJKGQyoZU5vN8nDSlBEZeZPPU0UmbWI9xXmK9mMe1EHVYY0PBLHifSNvrrOe41VSzPFj4B0lc3P4D\" \/> \t\t<a href=\"https:\/\/www.pdf24.org\" target=\"_blank\" title=\"www.pdf24.org\" rel=\"nofollow\"><img src=\"https:\/\/www.hohenlohe-ungefiltert.de\/wp-content\/plugins\/pdf24-post-to-pdf\/img\/pdf_32x32.png\" alt=\"\" border=\"0\" height=\"32\" \/><\/a> \t\t<span class=\"pdf24Plugin-cp-space\">&nbsp;&nbsp;<\/span> \t\t<span class=\"pdf24Plugin-cp-text\">Sende Artikel als PDF<\/span> \t\t<span class=\"pdf24Plugin-cp-space\">&nbsp;&nbsp;<\/span> \t\t<input class=\"pdf24Plugin-cp-input\" style=\"margin: 0px;\" type=\"text\" name=\"sendEmailTo\" placeholder=\"Emailadresse\" \/> \t\t<input class=\"pdf24Plugin-cp-submit\" style=\"margin: 0px;\" type=\"submit\" value=\"Senden\" \/> \t<\/form> <\/div>","protected":false},"excerpt":{"rendered":"<p>www.hohenlohe-ungefiltert.de Die Internetzeitung f\u00fcr die Region Crailsheim, Schw\u00e4bisch Hall, Gaildorf, K\u00fcnzelsau und \u00d6hringen \u2013 kritisch \u2013 politisch \u2013 nicht k\u00e4uflich \u2013 harte Fakten, statt weichgesp\u00fclte Worte Wer sind wir? Wir sind Menschen, die die unkritische Hofberichterstattung lokaler Medien in Hohenlohe und Schw\u00e4bisch Hall nicht mehr l\u00e4nger hinnehmen will. Was wollen wir? Wir wollen den Lesern, [&hellip;]<\/p>\n","protected":false},"author":1,"featured_media":0,"parent":0,"menu_order":0,"comment_status":"open","ping_status":"open","template":"","meta":[],"_links":{"self":[{"href":"https:\/\/www.hohenlohe-ungefiltert.de\/index.php?rest_route=\/wp\/v2\/pages\/197"}],"collection":[{"href":"https:\/\/www.hohenlohe-ungefiltert.de\/index.php?rest_route=\/wp\/v2\/pages"}],"about":[{"href":"https:\/\/www.hohenlohe-ungefiltert.de\/index.php?rest_route=\/wp\/v2\/types\/page"}],"author":[{"embeddable":true,"href":"https:\/\/www.hohenlohe-ungefiltert.de\/index.php?rest_route=\/wp\/v2\/users\/1"}],"replies":[{"embeddable":true,"href":"https:\/\/www.hohenlohe-ungefiltert.de\/index.php?rest_route=%2Fwp%2Fv2%2Fcomments&post=197"}],"version-history":[{"count":15,"href":"https:\/\/www.hohenlohe-ungefiltert.de\/index.php?rest_route=\/wp\/v2\/pages\/197\/revisions"}],"predecessor-version":[{"id":27402,"href":"https:\/\/www.hohenlohe-ungefiltert.de\/index.php?rest_route=\/wp\/v2\/pages\/197\/revisions\/27402"}],"wp:attachment":[{"href":"https:\/\/www.hohenlohe-ungefiltert.de\/index.php?rest_route=%2Fwp%2Fv2%2Fmedia&parent=197"}],"curies":[{"name":"wp","href":"https:\/\/api.w.org\/{rel}","templated":true}]}}